{"id":7502,"date":"2025-06-28T18:59:18","date_gmt":"2025-06-28T18:59:18","guid":{"rendered":"https:\/\/gaming-logo-maker.com\/gaming-avatars-create-custom-avatar-online\/"},"modified":"2026-03-30T15:29:57","modified_gmt":"2026-03-30T15:29:57","slug":"gaming-avatare","status":"publish","type":"page","link":"https:\/\/gaming-logo-maker.com\/de\/gaming-avatare\/","title":{"rendered":"Gaming Avatare"},"content":{"rendered":"<!--themify_builder_content-->\n<div id=\"themify_builder_content-7502\" data-postid=\"7502\" class=\"themify_builder_content themify_builder_content-7502 themify_builder tf_clear\">\n                    <div  data-css_id=\"mzex655\" data-lazy=\"1\" class=\"module_row themify_builder_row fullwidth_row_container tb_mzex655 tb_first tf_w\">\n                        <div class=\"row_inner col_align_top tb_col_count_1 tf_box tf_rel\">\n                        <div  data-lazy=\"1\" class=\"module_column tb-column col-full tb_zg1t655 first\">\n                    <!-- module plain text -->\n<div  class=\"module module-plain-text tb_oxym655 \" data-lazy=\"1\">\n        <div class=\"tb_text_wrap\">\n    <h1 style=\"margin:0 0 12px\">\n Gaming Avatare\n<\/h1>\n<p style=\"margin:0\">\n Entdecke eine riesige Sammlung an Gaming-Avataren, die f\u00fcr jeden Stil, jedes Genre und jede Plattform designt wurden. Mit dem Gaming Avatar Maker kannst du deinen Avatar ganz einfach anpassen \u2013 genau wie mit dem Gaming Logo Maker. \u00c4ndere Farben, Symbole, Hintergr\u00fcnde und vieles mehr in Sekunden. Perfekt f\u00fcr dein Twitch-Profil, deinen YouTube-Kanal, Kick-Streamings, deinen Discord-Server und \u00fcberall dort, wo du mit deiner einzigartigen Gamer-Identit\u00e4t herausstechen m\u00f6chtest. Fang noch heute an, deinen eigenen Gaming-Avatar zu erstellen, und bring deine pers\u00f6nliche Marke auf das n\u00e4chste Level.   \n<\/p>    <\/div>\n<\/div>\n<!-- \/module plain text -->        <\/div>\n                        <\/div>\n        <\/div>\n                        <div  data-css_id=\"2q0s530\" data-lazy=\"1\" class=\"module_row themify_builder_row fullwidth tb_2q0s530 tf_w\">\n                        <div class=\"row_inner col_align_top tb_col_count_1 tf_box tf_rel\">\n                        <div  data-lazy=\"1\" class=\"module_column tb-column col-full tb_86ac530 first\">\n                    <!-- module plain text -->\n<div  class=\"module module-plain-text tb_oa5i957 \" data-lazy=\"1\">\n        <div class=\"tb_text_wrap\">\n    <livewire data-component=\"presets-overview\" data-params='{\"tags\":[\"Avatar Maker\"]}'><\/livewire>    <\/div>\n<\/div>\n<!-- \/module plain text -->        <\/div>\n                        <\/div>\n        <\/div>\n        <\/div>\n<!--\/themify_builder_content-->","protected":false},"excerpt":{"rendered":"","protected":false},"author":1,"featured_media":0,"parent":0,"menu_order":0,"comment_status":"closed","ping_status":"closed","template":"","meta":{"footnotes":""},"class_list":["post-7502","page","type-page","status-publish","hentry","has-post-title","has-post-date","has-post-category","has-post-tag","has-post-comment","has-post-author",""],"yoast_head":"<!-- This site is optimized with the Yoast SEO plugin v27.4 - https:\/\/yoast.com\/product\/yoast-seo-wordpress\/ -->\n<title>Gaming Avatare \u2013 Erstell deinen eigenen Gamer &amp; Streamer Avatar<\/title>\n<meta name=\"description\" content=\"Erstell noch heute deinen Gaming-Avatar mit unserem Avatar Maker \u2013 passe Farben, Symbole und Hintergr\u00fcnde f\u00fcr Twitch, YouTube und Discord an.\" \/>\n<meta name=\"robots\" content=\"index, follow, max-snippet:-1, max-image-preview:large, max-video-preview:-1\" \/>\n<link rel=\"canonical\" href=\"https:\/\/gaming-logo-maker.com\/de\/gaming-avatare\/\" \/>\n<meta property=\"og:locale\" content=\"de_DE\" \/>\n<meta property=\"og:type\" content=\"article\" \/>\n<meta property=\"og:title\" content=\"Gaming Avatare \u2013 Erstell deinen eigenen Gamer &amp; Streamer Avatar\" \/>\n<meta property=\"og:description\" content=\"Erstell noch heute deinen Gaming-Avatar mit unserem Avatar Maker \u2013 passe Farben, Symbole und Hintergr\u00fcnde f\u00fcr Twitch, YouTube und Discord an.\" \/>\n<meta property=\"og:url\" content=\"https:\/\/gaming-logo-maker.com\/de\/gaming-avatare\/\" \/>\n<meta property=\"og:site_name\" content=\"Gaming Logo Maker\" \/>\n<meta property=\"article:modified_time\" content=\"2026-03-30T15:29:57+00:00\" \/>\n<meta name=\"twitter:card\" content=\"summary_large_image\" \/>\n<meta name=\"twitter:label1\" content=\"Gesch\u00e4tzte Lesezeit\" \/>\n\t<meta name=\"twitter:data1\" content=\"1\u00a0Minute\" \/>\n<script type=\"application\/ld+json\" class=\"yoast-schema-graph\">{\"@context\":\"https:\\\/\\\/schema.org\",\"@graph\":[{\"@type\":\"WebPage\",\"@id\":\"https:\\\/\\\/gaming-logo-maker.com\\\/de\\\/gaming-avatare\\\/\",\"url\":\"https:\\\/\\\/gaming-logo-maker.com\\\/de\\\/gaming-avatare\\\/\",\"name\":\"Gaming Avatare \u2013 Erstell deinen eigenen Gamer & Streamer Avatar\",\"isPartOf\":{\"@id\":\"https:\\\/\\\/gaming-logo-maker.com\\\/de\\\/#website\"},\"datePublished\":\"2025-06-28T18:59:18+00:00\",\"dateModified\":\"2026-03-30T15:29:57+00:00\",\"description\":\"Erstell noch heute deinen Gaming-Avatar mit unserem Avatar Maker \u2013 passe Farben, Symbole und Hintergr\u00fcnde f\u00fcr Twitch, YouTube und Discord an.\",\"breadcrumb\":{\"@id\":\"https:\\\/\\\/gaming-logo-maker.com\\\/de\\\/gaming-avatare\\\/#breadcrumb\"},\"inLanguage\":\"de\",\"potentialAction\":[{\"@type\":\"ReadAction\",\"target\":[\"https:\\\/\\\/gaming-logo-maker.com\\\/de\\\/gaming-avatare\\\/\"]}]},{\"@type\":\"BreadcrumbList\",\"@id\":\"https:\\\/\\\/gaming-logo-maker.com\\\/de\\\/gaming-avatare\\\/#breadcrumb\",\"itemListElement\":[{\"@type\":\"ListItem\",\"position\":1,\"name\":\"Home\",\"item\":\"https:\\\/\\\/gaming-logo-maker.com\\\/de\\\/\"},{\"@type\":\"ListItem\",\"position\":2,\"name\":\"Gaming Avatare\"}]},{\"@type\":\"WebSite\",\"@id\":\"https:\\\/\\\/gaming-logo-maker.com\\\/de\\\/#website\",\"url\":\"https:\\\/\\\/gaming-logo-maker.com\\\/de\\\/\",\"name\":\"Gaming Logo Maker\",\"description\":\"Get your own Gaming Logo\",\"publisher\":{\"@id\":\"https:\\\/\\\/gaming-logo-maker.com\\\/de\\\/#organization\"},\"potentialAction\":[{\"@type\":\"SearchAction\",\"target\":{\"@type\":\"EntryPoint\",\"urlTemplate\":\"https:\\\/\\\/gaming-logo-maker.com\\\/de\\\/?s={search_term_string}\"},\"query-input\":{\"@type\":\"PropertyValueSpecification\",\"valueRequired\":true,\"valueName\":\"search_term_string\"}}],\"inLanguage\":\"de\"},{\"@type\":\"Organization\",\"@id\":\"https:\\\/\\\/gaming-logo-maker.com\\\/de\\\/#organization\",\"name\":\"Gaming Logo Maker\",\"url\":\"https:\\\/\\\/gaming-logo-maker.com\\\/de\\\/\",\"logo\":{\"@type\":\"ImageObject\",\"inLanguage\":\"de\",\"@id\":\"https:\\\/\\\/gaming-logo-maker.com\\\/de\\\/#\\\/schema\\\/logo\\\/image\\\/\",\"url\":\"https:\\\/\\\/gaming-logo-maker.com\\\/wp-content\\\/uploads\\\/2024\\\/03\\\/gaminglogomaker_logo_v2.png\",\"contentUrl\":\"https:\\\/\\\/gaming-logo-maker.com\\\/wp-content\\\/uploads\\\/2024\\\/03\\\/gaminglogomaker_logo_v2.png\",\"width\":400,\"height\":66,\"caption\":\"Gaming Logo Maker\"},\"image\":{\"@id\":\"https:\\\/\\\/gaming-logo-maker.com\\\/de\\\/#\\\/schema\\\/logo\\\/image\\\/\"}}]}<\/script>\n<!-- \/ Yoast SEO plugin. -->","yoast_head_json":{"title":"Gaming Avatare \u2013 Erstell deinen eigenen Gamer & Streamer Avatar","description":"Erstell noch heute deinen Gaming-Avatar mit unserem Avatar Maker \u2013 passe Farben, Symbole und Hintergr\u00fcnde f\u00fcr Twitch, YouTube und Discord an.","robots":{"index":"index","follow":"follow","max-snippet":"max-snippet:-1","max-image-preview":"max-image-preview:large","max-video-preview":"max-video-preview:-1"},"canonical":"https:\/\/gaming-logo-maker.com\/de\/gaming-avatare\/","og_locale":"de_DE","og_type":"article","og_title":"Gaming Avatare \u2013 Erstell deinen eigenen Gamer & Streamer Avatar","og_description":"Erstell noch heute deinen Gaming-Avatar mit unserem Avatar Maker \u2013 passe Farben, Symbole und Hintergr\u00fcnde f\u00fcr Twitch, YouTube und Discord an.","og_url":"https:\/\/gaming-logo-maker.com\/de\/gaming-avatare\/","og_site_name":"Gaming Logo Maker","article_modified_time":"2026-03-30T15:29:57+00:00","twitter_card":"summary_large_image","twitter_misc":{"Gesch\u00e4tzte Lesezeit":"1\u00a0Minute"},"schema":{"@context":"https:\/\/schema.org","@graph":[{"@type":"WebPage","@id":"https:\/\/gaming-logo-maker.com\/de\/gaming-avatare\/","url":"https:\/\/gaming-logo-maker.com\/de\/gaming-avatare\/","name":"Gaming Avatare \u2013 Erstell deinen eigenen Gamer & Streamer Avatar","isPartOf":{"@id":"https:\/\/gaming-logo-maker.com\/de\/#website"},"datePublished":"2025-06-28T18:59:18+00:00","dateModified":"2026-03-30T15:29:57+00:00","description":"Erstell noch heute deinen Gaming-Avatar mit unserem Avatar Maker \u2013 passe Farben, Symbole und Hintergr\u00fcnde f\u00fcr Twitch, YouTube und Discord an.","breadcrumb":{"@id":"https:\/\/gaming-logo-maker.com\/de\/gaming-avatare\/#breadcrumb"},"inLanguage":"de","potentialAction":[{"@type":"ReadAction","target":["https:\/\/gaming-logo-maker.com\/de\/gaming-avatare\/"]}]},{"@type":"BreadcrumbList","@id":"https:\/\/gaming-logo-maker.com\/de\/gaming-avatare\/#breadcrumb","itemListElement":[{"@type":"ListItem","position":1,"name":"Home","item":"https:\/\/gaming-logo-maker.com\/de\/"},{"@type":"ListItem","position":2,"name":"Gaming Avatare"}]},{"@type":"WebSite","@id":"https:\/\/gaming-logo-maker.com\/de\/#website","url":"https:\/\/gaming-logo-maker.com\/de\/","name":"Gaming Logo Maker","description":"Get your own Gaming Logo","publisher":{"@id":"https:\/\/gaming-logo-maker.com\/de\/#organization"},"potentialAction":[{"@type":"SearchAction","target":{"@type":"EntryPoint","urlTemplate":"https:\/\/gaming-logo-maker.com\/de\/?s={search_term_string}"},"query-input":{"@type":"PropertyValueSpecification","valueRequired":true,"valueName":"search_term_string"}}],"inLanguage":"de"},{"@type":"Organization","@id":"https:\/\/gaming-logo-maker.com\/de\/#organization","name":"Gaming Logo Maker","url":"https:\/\/gaming-logo-maker.com\/de\/","logo":{"@type":"ImageObject","inLanguage":"de","@id":"https:\/\/gaming-logo-maker.com\/de\/#\/schema\/logo\/image\/","url":"https:\/\/gaming-logo-maker.com\/wp-content\/uploads\/2024\/03\/gaminglogomaker_logo_v2.png","contentUrl":"https:\/\/gaming-logo-maker.com\/wp-content\/uploads\/2024\/03\/gaminglogomaker_logo_v2.png","width":400,"height":66,"caption":"Gaming Logo Maker"},"image":{"@id":"https:\/\/gaming-logo-maker.com\/de\/#\/schema\/logo\/image\/"}}]}},"builder_content":"<h1 style=\"margin:0 0 12px\"> Gaming Avatare <\/h1> <p style=\"margin:0\"> Entdecke eine riesige Sammlung an Gaming-Avataren, die f\u00fcr jeden Stil, jedes Genre und jede Plattform designt wurden. Mit dem Gaming Avatar Maker kannst du deinen Avatar ganz einfach anpassen \u2013 genau wie mit dem Gaming Logo Maker. \u00c4ndere Farben, Symbole, Hintergr\u00fcnde und vieles mehr in Sekunden. Perfekt f\u00fcr dein Twitch-Profil, deinen YouTube-Kanal, Kick-Streamings, deinen Discord-Server und \u00fcberall dort, wo du mit deiner einzigartigen Gamer-Identit\u00e4t herausstechen m\u00f6chtest. Fang noch heute an, deinen eigenen Gaming-Avatar zu erstellen, und bring deine pers\u00f6nliche Marke auf das n\u00e4chste Level. <\/p>\n<livewire data-component=\"presets-overview\" data-params='{\"tags\":[\"Avatar Maker\"]}'><\/livewire>","_links":{"self":[{"href":"https:\/\/gaming-logo-maker.com\/de\/wp-json\/wp\/v2\/pages\/7502","targetHints":{"allow":["GET"]}}],"collection":[{"href":"https:\/\/gaming-logo-maker.com\/de\/wp-json\/wp\/v2\/pages"}],"about":[{"href":"https:\/\/gaming-logo-maker.com\/de\/wp-json\/wp\/v2\/types\/page"}],"author":[{"embeddable":true,"href":"https:\/\/gaming-logo-maker.com\/de\/wp-json\/wp\/v2\/users\/1"}],"replies":[{"embeddable":true,"href":"https:\/\/gaming-logo-maker.com\/de\/wp-json\/wp\/v2\/comments?post=7502"}],"version-history":[{"count":5,"href":"https:\/\/gaming-logo-maker.com\/de\/wp-json\/wp\/v2\/pages\/7502\/revisions"}],"predecessor-version":[{"id":7509,"href":"https:\/\/gaming-logo-maker.com\/de\/wp-json\/wp\/v2\/pages\/7502\/revisions\/7509"}],"wp:attachment":[{"href":"https:\/\/gaming-logo-maker.com\/de\/wp-json\/wp\/v2\/media?parent=7502"}],"curies":[{"name":"wp","href":"https:\/\/api.w.org\/{rel}","templated":true}]}}