{"id":4998,"date":"2024-04-22T06:49:23","date_gmt":"2024-04-22T06:49:23","guid":{"rendered":"https:\/\/gaming-logo-maker.com\/impressum\/"},"modified":"2025-01-26T12:30:19","modified_gmt":"2025-01-26T12:30:19","slug":"impressum","status":"publish","type":"page","link":"https:\/\/gaming-logo-maker.com\/de\/impressum\/","title":{"rendered":"Impressum"},"content":{"rendered":"<!--themify_builder_content-->\n<div id=\"themify_builder_content-4998\" data-postid=\"4998\" class=\"themify_builder_content themify_builder_content-4998 themify_builder tf_clear\">\n                    <div  data-lazy=\"1\" class=\"module_row themify_builder_row tb_1o8d443 tb_first tf_w\">\n                        <div class=\"row_inner col_align_top tb_col_count_1 tf_box tf_rel\">\n                        <div  data-lazy=\"1\" class=\"module_column tb-column col-full tb_m7qe443 first\">\n                    <!-- module text -->\n<div  class=\"module module-text tb_016f972   \" data-lazy=\"1\">\n        <div  class=\"tb_text_wrap\">\n        <p><strong>Informationen gem\u00e4\u00df \u00a7 5 TMG (Telemediengesetz):<\/strong><\/p>\n<p>Gaming-Logo-Maker.com<br>Andy Hanne<br>Finkenstra\u00dfe 56<br>48147 M\u00fcnster<br>Deutschland<\/p>\n<p><strong>Kontakt:<br><\/strong>E-Mail: <a target=\"_new\">info@gaming-logo-maker.com<\/a><\/p>\n<p><strong>Vertreten durch:<br><\/strong>Andy Hanne<\/p>\n<p><strong>Umsatzsteuer-Identifikationsnummer:<\/strong><\/p>\n<p><strong>Umsatzsteuer-Identifikationsnummer gem\u00e4\u00df \u00a727a Umsatzsteuergesetz:<\/strong><\/p>\n<p><strong>Verantwortlich f\u00fcr den Inhalt gem\u00e4\u00df \u00a7 55 Abs. 2 RStV (deutscher Rundfunkstaatsvertrag):<\/strong><\/p>\n<p>Andy Hanne<br>Finkenstra\u00dfe 56<br>48147 M\u00fcnster<br>Deutschland<\/p>    <\/div>\n<\/div>\n<!-- \/module text --><!-- module plain text -->\n<div  class=\"module module-plain-text tb_ixqq153 \" data-lazy=\"1\">\n        <div class=\"tb_text_wrap\">\n    <h2>  Haftungsausschluss:  <\/h2>    <\/div>\n<\/div>\n<!-- \/module plain text --><!-- module text -->\n<div  class=\"module module-text tb_8fuv902   \" data-lazy=\"1\">\n        <div  class=\"tb_text_wrap\">\n        <p><strong>Haftung f\u00fcr Inhalte<\/strong><\/p>\n<p>Als Diensteanbieter sind wir gem\u00e4\u00df \u00a7 7 Abs.1 f\u00fcr eigene Inhalte auf diesen Seiten nach den allgemeinen Gesetzen verantwortlich. TMG (deutsches Telemediengesetz) und allgemeine Gesetze. Nach \u00a7\u00a7 8 bis 10 TMG sind wir als Diensteanbieter jedoch nicht verpflichtet, \u00fcbermittelte oder gespeicherte fremde Informationen zu \u00fcberwachen oder nach Umst\u00e4nden zu forschen, die auf eine rechtswidrige T\u00e4tigkeit hinweisen. Verpflichtungen zur Entfernung oder Sperrung der Nutzung von Informationen nach den allgemeinen Gesetzen bleiben hiervon unber\u00fchrt. Eine diesbez\u00fcgliche Haftung ist jedoch erst ab dem Zeitpunkt der Kenntnis einer konkreten Rechtsverletzung m\u00f6glich. Sollten wir von derartigen Verst\u00f6\u00dfen Kenntnis erhalten, werden wir den Inhalt unverz\u00fcglich entfernen.<\/p>\n<p><strong>Haftung f\u00fcr Links<\/strong><\/p>\n<p>Unser Angebot enth\u00e4lt Links zu externen Webseiten Dritter, auf deren Inhalte wir keinen Einfluss haben. Deshalb k\u00f6nnen wir f\u00fcr diese fremden Inhalte auch keine Gew\u00e4hr \u00fcbernehmen. F\u00fcr die Inhalte der verlinkten Seiten ist stets der jeweilige Anbieter oder Betreiber der Seiten verantwortlich. Die verlinkten Seiten wurden zum Zeitpunkt der Verlinkung auf m\u00f6gliche Rechtsverst\u00f6\u00dfe \u00fcberpr\u00fcft. Rechtswidrige Inhalte waren zum Zeitpunkt der Verlinkung nicht erkennbar. Eine permanente inhaltliche Kontrolle der verlinkten Seiten ist jedoch ohne konkrete Anhaltspunkte einer Rechtsverletzung nicht zumutbar. Bei Bekanntwerden von Rechtsverletzungen werden wir derartige Links umgehend entfernen.<\/p>\n<p><strong>Copyright<\/strong><\/p>\n<p>Die durch die Seitenbetreiber erstellten Inhalte und Werke auf diesen Seiten unterliegen dem deutschen Urheberrecht. Die Vervielf\u00e4ltigung, Bearbeitung, Verbreitung und jede Art der Verwertung au\u00dferhalb der Grenzen des Urheberrechtes bed\u00fcrfen der schriftlichen Zustimmung des jeweiligen Autors bzw. Erstellers. Downloads und Kopien dieser Seite sind nur f\u00fcr den privaten, nicht kommerziellen Gebrauch gestattet. Soweit die Inhalte auf dieser Seite nicht vom Betreiber erstellt wurden, werden die Urheberrechte Dritter beachtet. Insbesondere werden Inhalte Dritter als solche gekennzeichnet. Sollten Sie dennoch auf eine Urheberrechtsverletzung aufmerksam werden, informieren Sie uns bitte dar\u00fcber. Sollten wir von Rechtsverletzungen Kenntnis erhalten, werden wir diese Inhalte unverz\u00fcglich entfernen.<\/p>\n<p><strong>Datenschutz<\/strong><\/p>\n<p>Die Nutzung unserer Webseite ist in der Regel ohne Angabe personenbezogener Daten m\u00f6glich. Soweit auf unseren Seiten personenbezogene Daten (beispielsweise Name, Anschrift oder eMail-Adressen) erhoben werden, erfolgt dies, soweit m\u00f6glich, stets auf freiwilliger Basis. Diese Daten werden ohne Ihre ausdr\u00fcckliche Zustimmung nicht an Dritte weitergegeben. Wir m\u00f6chten Sie darauf hinweisen, dass die Daten\u00fcbertragung im Internet (z.B. bei der Kommunikation per E-Mail) Sicherheitsl\u00fccken aufweisen kann. Ein vollst\u00e4ndiger Schutz der Daten vor dem Zugriff durch Dritte ist nicht m\u00f6glich. Der Nutzung von im Rahmen der Impressumspflicht ver\u00f6ffentlichten Kontaktdaten durch Dritte zur \u00dcbersendung von nicht ausdr\u00fccklich angeforderter Werbung und Informationsmaterialien wird hiermit ausdr\u00fccklich widersprochen. Die Betreiber der Seiten behalten sich ausdr\u00fccklich rechtliche Schritte im Falle der unverlangten Zusendung von Werbeinformationen, etwa durch Spam-Mails, vor.<br><br><strong>Alternative Streitbeilegung gem\u00e4\u00df Art. 14 Absatz. 1 ODR-VO und \u00a7 36 VSBG:<br><br><\/strong>Die Europ\u00e4ische Kommission stellt eine Plattform f\u00fcr die Online-Streitbeilegung (ODR) zur Verf\u00fcgung, die Sie unter <a href=\"https:\/\/ec.europa.eu\/consumers\/odr\" target=\"_new\">https:\/\/ec.europa.eu\/consumers\/odr<\/a> finden k\u00f6nnen <a href=\"https:\/\/ec.europa.eu\/consumers\/odr\" target=\"_new\">.<\/a> Wir sind nicht verpflichtet und nicht bereit, an einem Streitbeilegungsverfahren vor einer Verbraucherschlichtungsstelle teilzunehmen.<\/p>    <\/div>\n<\/div>\n<!-- \/module text -->        <\/div>\n                        <\/div>\n        <\/div>\n        <\/div>\n<!--\/themify_builder_content-->","protected":false},"excerpt":{"rendered":"<p>Informationen gem\u00e4\u00df \u00a7 5 TMG (Telemediengesetz): Gaming-Logo-Maker.comAndy HanneFinkenstra\u00dfe 5648147 M\u00fcnsterDeutschland Kontakt:E-Mail: info@gaming-logo-maker.com Vertreten durch:Andy Hanne Umsatzsteuer-Identifikationsnummer: Umsatzsteuer-Identifikationsnummer gem\u00e4\u00df \u00a727a Umsatzsteuergesetz: Verantwortlich f\u00fcr den Inhalt gem\u00e4\u00df \u00a7 55 Abs. 2 RStV (deutscher Rundfunkstaatsvertrag): Andy HanneFinkenstra\u00dfe 5648147 M\u00fcnsterDeutschland Haftungsausschluss: Haftung f\u00fcr Inhalte Als Diensteanbieter sind wir gem\u00e4\u00df \u00a7 7 Abs.1 f\u00fcr eigene Inhalte auf diesen Seiten nach [&hellip;]<\/p>\n","protected":false},"author":1,"featured_media":0,"parent":0,"menu_order":0,"comment_status":"closed","ping_status":"closed","template":"","meta":{"footnotes":""},"class_list":["post-4998","page","type-page","status-publish","hentry","has-post-title","has-post-date","has-post-category","has-post-tag","has-post-comment","has-post-author",""],"yoast_head":"<!-- This site is optimized with the Yoast SEO plugin v27.3 - https:\/\/yoast.com\/product\/yoast-seo-wordpress\/ -->\n<title>Impressum - Gaming Logo Maker<\/title>\n<meta name=\"robots\" content=\"index, follow, max-snippet:-1, max-image-preview:large, max-video-preview:-1\" \/>\n<link rel=\"canonical\" href=\"https:\/\/gaming-logo-maker.com\/de\/impressum\/\" \/>\n<meta property=\"og:locale\" content=\"de_DE\" \/>\n<meta property=\"og:type\" content=\"article\" \/>\n<meta property=\"og:title\" content=\"Impressum - Gaming Logo Maker\" \/>\n<meta property=\"og:description\" content=\"Informationen gem\u00e4\u00df \u00a7 5 TMG (Telemediengesetz): Gaming-Logo-Maker.comAndy HanneFinkenstra\u00dfe 5648147 M\u00fcnsterDeutschland Kontakt:E-Mail: info@gaming-logo-maker.com Vertreten durch:Andy Hanne Umsatzsteuer-Identifikationsnummer: Umsatzsteuer-Identifikationsnummer gem\u00e4\u00df \u00a727a Umsatzsteuergesetz: Verantwortlich f\u00fcr den Inhalt gem\u00e4\u00df \u00a7 55 Abs. 2 RStV (deutscher Rundfunkstaatsvertrag): Andy HanneFinkenstra\u00dfe 5648147 M\u00fcnsterDeutschland Haftungsausschluss: Haftung f\u00fcr Inhalte Als Diensteanbieter sind wir gem\u00e4\u00df \u00a7 7 Abs.1 f\u00fcr eigene Inhalte auf diesen Seiten nach [&hellip;]\" \/>\n<meta property=\"og:url\" content=\"https:\/\/gaming-logo-maker.com\/de\/impressum\/\" \/>\n<meta property=\"og:site_name\" content=\"Gaming Logo Maker\" \/>\n<meta property=\"article:modified_time\" content=\"2025-01-26T12:30:19+00:00\" \/>\n<meta name=\"twitter:card\" content=\"summary_large_image\" \/>\n<meta name=\"twitter:label1\" content=\"Gesch\u00e4tzte Lesezeit\" \/>\n\t<meta name=\"twitter:data1\" content=\"3\u00a0Minuten\" \/>\n<script type=\"application\/ld+json\" class=\"yoast-schema-graph\">{\"@context\":\"https:\\\/\\\/schema.org\",\"@graph\":[{\"@type\":\"WebPage\",\"@id\":\"https:\\\/\\\/gaming-logo-maker.com\\\/de\\\/impressum\\\/\",\"url\":\"https:\\\/\\\/gaming-logo-maker.com\\\/de\\\/impressum\\\/\",\"name\":\"Impressum - Gaming Logo Maker\",\"isPartOf\":{\"@id\":\"https:\\\/\\\/gaming-logo-maker.com\\\/de\\\/#website\"},\"datePublished\":\"2024-04-22T06:49:23+00:00\",\"dateModified\":\"2025-01-26T12:30:19+00:00\",\"breadcrumb\":{\"@id\":\"https:\\\/\\\/gaming-logo-maker.com\\\/de\\\/impressum\\\/#breadcrumb\"},\"inLanguage\":\"de\",\"potentialAction\":[{\"@type\":\"ReadAction\",\"target\":[\"https:\\\/\\\/gaming-logo-maker.com\\\/de\\\/impressum\\\/\"]}]},{\"@type\":\"BreadcrumbList\",\"@id\":\"https:\\\/\\\/gaming-logo-maker.com\\\/de\\\/impressum\\\/#breadcrumb\",\"itemListElement\":[{\"@type\":\"ListItem\",\"position\":1,\"name\":\"Home\",\"item\":\"https:\\\/\\\/gaming-logo-maker.com\\\/de\\\/\"},{\"@type\":\"ListItem\",\"position\":2,\"name\":\"Impressum\"}]},{\"@type\":\"WebSite\",\"@id\":\"https:\\\/\\\/gaming-logo-maker.com\\\/de\\\/#website\",\"url\":\"https:\\\/\\\/gaming-logo-maker.com\\\/de\\\/\",\"name\":\"Gaming Logo Maker\",\"description\":\"Get your own Gaming Logo\",\"publisher\":{\"@id\":\"https:\\\/\\\/gaming-logo-maker.com\\\/de\\\/#organization\"},\"potentialAction\":[{\"@type\":\"SearchAction\",\"target\":{\"@type\":\"EntryPoint\",\"urlTemplate\":\"https:\\\/\\\/gaming-logo-maker.com\\\/de\\\/?s={search_term_string}\"},\"query-input\":{\"@type\":\"PropertyValueSpecification\",\"valueRequired\":true,\"valueName\":\"search_term_string\"}}],\"inLanguage\":\"de\"},{\"@type\":\"Organization\",\"@id\":\"https:\\\/\\\/gaming-logo-maker.com\\\/de\\\/#organization\",\"name\":\"Gaming Logo Maker\",\"url\":\"https:\\\/\\\/gaming-logo-maker.com\\\/de\\\/\",\"logo\":{\"@type\":\"ImageObject\",\"inLanguage\":\"de\",\"@id\":\"https:\\\/\\\/gaming-logo-maker.com\\\/de\\\/#\\\/schema\\\/logo\\\/image\\\/\",\"url\":\"https:\\\/\\\/gaming-logo-maker.com\\\/wp-content\\\/uploads\\\/2024\\\/03\\\/gaminglogomaker_logo_v2.png\",\"contentUrl\":\"https:\\\/\\\/gaming-logo-maker.com\\\/wp-content\\\/uploads\\\/2024\\\/03\\\/gaminglogomaker_logo_v2.png\",\"width\":400,\"height\":66,\"caption\":\"Gaming Logo Maker\"},\"image\":{\"@id\":\"https:\\\/\\\/gaming-logo-maker.com\\\/de\\\/#\\\/schema\\\/logo\\\/image\\\/\"}}]}<\/script>\n<!-- \/ Yoast SEO plugin. -->","yoast_head_json":{"title":"Impressum - Gaming Logo Maker","robots":{"index":"index","follow":"follow","max-snippet":"max-snippet:-1","max-image-preview":"max-image-preview:large","max-video-preview":"max-video-preview:-1"},"canonical":"https:\/\/gaming-logo-maker.com\/de\/impressum\/","og_locale":"de_DE","og_type":"article","og_title":"Impressum - Gaming Logo Maker","og_description":"Informationen gem\u00e4\u00df \u00a7 5 TMG (Telemediengesetz): Gaming-Logo-Maker.comAndy HanneFinkenstra\u00dfe 5648147 M\u00fcnsterDeutschland Kontakt:E-Mail: info@gaming-logo-maker.com Vertreten durch:Andy Hanne Umsatzsteuer-Identifikationsnummer: Umsatzsteuer-Identifikationsnummer gem\u00e4\u00df \u00a727a Umsatzsteuergesetz: Verantwortlich f\u00fcr den Inhalt gem\u00e4\u00df \u00a7 55 Abs. 2 RStV (deutscher Rundfunkstaatsvertrag): Andy HanneFinkenstra\u00dfe 5648147 M\u00fcnsterDeutschland Haftungsausschluss: Haftung f\u00fcr Inhalte Als Diensteanbieter sind wir gem\u00e4\u00df \u00a7 7 Abs.1 f\u00fcr eigene Inhalte auf diesen Seiten nach [&hellip;]","og_url":"https:\/\/gaming-logo-maker.com\/de\/impressum\/","og_site_name":"Gaming Logo Maker","article_modified_time":"2025-01-26T12:30:19+00:00","twitter_card":"summary_large_image","twitter_misc":{"Gesch\u00e4tzte Lesezeit":"3\u00a0Minuten"},"schema":{"@context":"https:\/\/schema.org","@graph":[{"@type":"WebPage","@id":"https:\/\/gaming-logo-maker.com\/de\/impressum\/","url":"https:\/\/gaming-logo-maker.com\/de\/impressum\/","name":"Impressum - Gaming Logo Maker","isPartOf":{"@id":"https:\/\/gaming-logo-maker.com\/de\/#website"},"datePublished":"2024-04-22T06:49:23+00:00","dateModified":"2025-01-26T12:30:19+00:00","breadcrumb":{"@id":"https:\/\/gaming-logo-maker.com\/de\/impressum\/#breadcrumb"},"inLanguage":"de","potentialAction":[{"@type":"ReadAction","target":["https:\/\/gaming-logo-maker.com\/de\/impressum\/"]}]},{"@type":"BreadcrumbList","@id":"https:\/\/gaming-logo-maker.com\/de\/impressum\/#breadcrumb","itemListElement":[{"@type":"ListItem","position":1,"name":"Home","item":"https:\/\/gaming-logo-maker.com\/de\/"},{"@type":"ListItem","position":2,"name":"Impressum"}]},{"@type":"WebSite","@id":"https:\/\/gaming-logo-maker.com\/de\/#website","url":"https:\/\/gaming-logo-maker.com\/de\/","name":"Gaming Logo Maker","description":"Get your own Gaming Logo","publisher":{"@id":"https:\/\/gaming-logo-maker.com\/de\/#organization"},"potentialAction":[{"@type":"SearchAction","target":{"@type":"EntryPoint","urlTemplate":"https:\/\/gaming-logo-maker.com\/de\/?s={search_term_string}"},"query-input":{"@type":"PropertyValueSpecification","valueRequired":true,"valueName":"search_term_string"}}],"inLanguage":"de"},{"@type":"Organization","@id":"https:\/\/gaming-logo-maker.com\/de\/#organization","name":"Gaming Logo Maker","url":"https:\/\/gaming-logo-maker.com\/de\/","logo":{"@type":"ImageObject","inLanguage":"de","@id":"https:\/\/gaming-logo-maker.com\/de\/#\/schema\/logo\/image\/","url":"https:\/\/gaming-logo-maker.com\/wp-content\/uploads\/2024\/03\/gaminglogomaker_logo_v2.png","contentUrl":"https:\/\/gaming-logo-maker.com\/wp-content\/uploads\/2024\/03\/gaminglogomaker_logo_v2.png","width":400,"height":66,"caption":"Gaming Logo Maker"},"image":{"@id":"https:\/\/gaming-logo-maker.com\/de\/#\/schema\/logo\/image\/"}}]}},"builder_content":"<p><strong>Informationen gem\u00e4\u00df \u00a7 5 TMG (Telemediengesetz):<\/strong><\/p> <p>Gaming-Logo-Maker.com<br>Andy Hanne<br>Finkenstra\u00dfe 56<br>48147 M\u00fcnster<br>Deutschland<\/p> <p><strong>Kontakt:<br><\/strong>E-Mail: <a target=\"_new\">info@gaming-logo-maker.com<\/a><\/p> <p><strong>Vertreten durch:<br><\/strong>Andy Hanne<\/p> <p><strong>Umsatzsteuer-Identifikationsnummer:<\/strong><\/p> <p><strong>Umsatzsteuer-Identifikationsnummer gem\u00e4\u00df \u00a727a Umsatzsteuergesetz:<\/strong><\/p> <p><strong>Verantwortlich f\u00fcr den Inhalt gem\u00e4\u00df \u00a7 55 Abs. 2 RStV (deutscher Rundfunkstaatsvertrag):<\/strong><\/p> <p>Andy Hanne<br>Finkenstra\u00dfe 56<br>48147 M\u00fcnster<br>Deutschland<\/p>\n<h2> Haftungsausschluss: <\/h2>\n<p><strong>Haftung f\u00fcr Inhalte<\/strong><\/p> <p>Als Diensteanbieter sind wir gem\u00e4\u00df \u00a7 7 Abs.1 f\u00fcr eigene Inhalte auf diesen Seiten nach den allgemeinen Gesetzen verantwortlich. TMG (deutsches Telemediengesetz) und allgemeine Gesetze. Nach \u00a7\u00a7 8 bis 10 TMG sind wir als Diensteanbieter jedoch nicht verpflichtet, \u00fcbermittelte oder gespeicherte fremde Informationen zu \u00fcberwachen oder nach Umst\u00e4nden zu forschen, die auf eine rechtswidrige T\u00e4tigkeit hinweisen. Verpflichtungen zur Entfernung oder Sperrung der Nutzung von Informationen nach den allgemeinen Gesetzen bleiben hiervon unber\u00fchrt. Eine diesbez\u00fcgliche Haftung ist jedoch erst ab dem Zeitpunkt der Kenntnis einer konkreten Rechtsverletzung m\u00f6glich. Sollten wir von derartigen Verst\u00f6\u00dfen Kenntnis erhalten, werden wir den Inhalt unverz\u00fcglich entfernen.<\/p> <p><strong>Haftung f\u00fcr Links<\/strong><\/p> <p>Unser Angebot enth\u00e4lt Links zu externen Webseiten Dritter, auf deren Inhalte wir keinen Einfluss haben. Deshalb k\u00f6nnen wir f\u00fcr diese fremden Inhalte auch keine Gew\u00e4hr \u00fcbernehmen. F\u00fcr die Inhalte der verlinkten Seiten ist stets der jeweilige Anbieter oder Betreiber der Seiten verantwortlich. Die verlinkten Seiten wurden zum Zeitpunkt der Verlinkung auf m\u00f6gliche Rechtsverst\u00f6\u00dfe \u00fcberpr\u00fcft. Rechtswidrige Inhalte waren zum Zeitpunkt der Verlinkung nicht erkennbar. Eine permanente inhaltliche Kontrolle der verlinkten Seiten ist jedoch ohne konkrete Anhaltspunkte einer Rechtsverletzung nicht zumutbar. Bei Bekanntwerden von Rechtsverletzungen werden wir derartige Links umgehend entfernen.<\/p> <p><strong>Copyright<\/strong><\/p> <p>Die durch die Seitenbetreiber erstellten Inhalte und Werke auf diesen Seiten unterliegen dem deutschen Urheberrecht. Die Vervielf\u00e4ltigung, Bearbeitung, Verbreitung und jede Art der Verwertung au\u00dferhalb der Grenzen des Urheberrechtes bed\u00fcrfen der schriftlichen Zustimmung des jeweiligen Autors bzw. Erstellers. Downloads und Kopien dieser Seite sind nur f\u00fcr den privaten, nicht kommerziellen Gebrauch gestattet. Soweit die Inhalte auf dieser Seite nicht vom Betreiber erstellt wurden, werden die Urheberrechte Dritter beachtet. Insbesondere werden Inhalte Dritter als solche gekennzeichnet. Sollten Sie dennoch auf eine Urheberrechtsverletzung aufmerksam werden, informieren Sie uns bitte dar\u00fcber. Sollten wir von Rechtsverletzungen Kenntnis erhalten, werden wir diese Inhalte unverz\u00fcglich entfernen.<\/p> <p><strong>Datenschutz<\/strong><\/p> <p>Die Nutzung unserer Webseite ist in der Regel ohne Angabe personenbezogener Daten m\u00f6glich. Soweit auf unseren Seiten personenbezogene Daten (beispielsweise Name, Anschrift oder eMail-Adressen) erhoben werden, erfolgt dies, soweit m\u00f6glich, stets auf freiwilliger Basis. Diese Daten werden ohne Ihre ausdr\u00fcckliche Zustimmung nicht an Dritte weitergegeben. Wir m\u00f6chten Sie darauf hinweisen, dass die Daten\u00fcbertragung im Internet (z.B. bei der Kommunikation per E-Mail) Sicherheitsl\u00fccken aufweisen kann. Ein vollst\u00e4ndiger Schutz der Daten vor dem Zugriff durch Dritte ist nicht m\u00f6glich. Der Nutzung von im Rahmen der Impressumspflicht ver\u00f6ffentlichten Kontaktdaten durch Dritte zur \u00dcbersendung von nicht ausdr\u00fccklich angeforderter Werbung und Informationsmaterialien wird hiermit ausdr\u00fccklich widersprochen. Die Betreiber der Seiten behalten sich ausdr\u00fccklich rechtliche Schritte im Falle der unverlangten Zusendung von Werbeinformationen, etwa durch Spam-Mails, vor.<br><br><strong>Alternative Streitbeilegung gem\u00e4\u00df Art. 14 Absatz. 1 ODR-VO und \u00a7 36 VSBG:<br><br><\/strong>Die Europ\u00e4ische Kommission stellt eine Plattform f\u00fcr die Online-Streitbeilegung (ODR) zur Verf\u00fcgung, die Sie unter <a href=\"https:\/\/ec.europa.eu\/consumers\/odr\" target=\"_new\">https:\/\/ec.europa.eu\/consumers\/odr<\/a> finden k\u00f6nnen <a href=\"https:\/\/ec.europa.eu\/consumers\/odr\" target=\"_new\">.<\/a> Wir sind nicht verpflichtet und nicht bereit, an einem Streitbeilegungsverfahren vor einer Verbraucherschlichtungsstelle teilzunehmen.<\/p>","_links":{"self":[{"href":"https:\/\/gaming-logo-maker.com\/de\/wp-json\/wp\/v2\/pages\/4998","targetHints":{"allow":["GET"]}}],"collection":[{"href":"https:\/\/gaming-logo-maker.com\/de\/wp-json\/wp\/v2\/pages"}],"about":[{"href":"https:\/\/gaming-logo-maker.com\/de\/wp-json\/wp\/v2\/types\/page"}],"author":[{"embeddable":true,"href":"https:\/\/gaming-logo-maker.com\/de\/wp-json\/wp\/v2\/users\/1"}],"replies":[{"embeddable":true,"href":"https:\/\/gaming-logo-maker.com\/de\/wp-json\/wp\/v2\/comments?post=4998"}],"version-history":[{"count":3,"href":"https:\/\/gaming-logo-maker.com\/de\/wp-json\/wp\/v2\/pages\/4998\/revisions"}],"predecessor-version":[{"id":5282,"href":"https:\/\/gaming-logo-maker.com\/de\/wp-json\/wp\/v2\/pages\/4998\/revisions\/5282"}],"wp:attachment":[{"href":"https:\/\/gaming-logo-maker.com\/de\/wp-json\/wp\/v2\/media?parent=4998"}],"curies":[{"name":"wp","href":"https:\/\/api.w.org\/{rel}","templated":true}]}}